{"id":204,"date":"2024-12-29T14:26:32","date_gmt":"2024-12-29T13:26:32","guid":{"rendered":"https:\/\/www.nojo.fr\/?page_id=204"},"modified":"2024-12-31T21:32:39","modified_gmt":"2024-12-31T20:32:39","slug":"mentions-legales","status":"publish","type":"page","link":"http:\/\/www.nojo.fr\/index.php\/mentions-legales\/","title":{"rendered":"Mentions l\u00e9gales"},"content":{"rendered":"\n<p>Propri\u00e9taire du site<strong> :<\/strong>sergiodadi<\/p>\n\n\n\n<p><strong>Nom<\/strong> : Sergiodadi<\/p>\n\n\n\n<p class=\"is-style-default\"><strong>E-mail <\/strong>: voir la page contact<\/p>\n\n\n\n<p><strong>H\u00e9bergeur du site :<\/strong> Sergiodadi &#8211; cluster Proxmox Raspberry  Pi 5 <\/p>\n\n\n\n<p><strong>Responsabilit\u00e9 :<\/strong><\/p>\n\n\n\n<p>Le propri\u00e9taire du site s\u2019efforce de fournir des informations exactes et mises \u00e0 jour. Toutefois, il ne peut garantir l\u2019exactitude, l\u2019exhaustivit\u00e9 ou l\u2019actualit\u00e9 des informations diffus\u00e9es. En cons\u00e9quence, l\u2019utilisateur reconna\u00eet utiliser ces informations sous sa propre responsabilit\u00e9.<\/p>\n\n\n\n<p><strong>Propri\u00e9t\u00e9 intellectuelle :<\/strong><\/p>\n\n\n\n<p>Le contenu de ce site (textes, images, logos, etc.) est prot\u00e9g\u00e9 par le droit d\u2019auteur. Toute reproduction, distribution, modification ou adaptation de ces \u00e9l\u00e9ments est interdite sans l\u2019autorisation pr\u00e9alable du propri\u00e9taire du site.<\/p>\n\n\n\n<p><strong>Protection des donn\u00e9es personnelles :<\/strong><\/p>\n\n\n\n<p>Ce site peut collecter des donn\u00e9es personnelles via des formulaires ou cookies.<\/p>\n\n\n\n<p>\u2022 Finalit\u00e9 des donn\u00e9es collect\u00e9es :  \u00ab statistiques anonymes\u00bb<\/p>\n\n\n\n<p>\u2022 Droit d\u2019acc\u00e8s, de modification et de suppression : Vous pouvez exercer vos droits en contactant (voir le menu <strong>contact<\/strong>).<\/p>\n\n\n\n<p><strong>Cookies :<\/strong><\/p>\n\n\n\n<p>Ce site utilise des cookies pour  \u00ab collecter des statistiques anonymes \u00bb.<\/p>\n\n\n\n<p>Vous pouvez d\u00e9sactiver les cookies en modifiant les param\u00e8tres de votre navigateur.<\/p>\n\n\n\n<p><strong>Contact :<\/strong><\/p>\n\n\n\n<p>Pour toute question ou demande d\u2019information concernant ce site, vous pouvez nous contacter \u00e0 l\u2019adresse suivante : voir le menu <strong>contact<\/strong> <\/p>\n","protected":false},"excerpt":{"rendered":"<p>Propri\u00e9taire du site :sergiodadi Nom : Sergiodadi E-mail : voir la page contact H\u00e9bergeur du site : Sergiodadi &#8211; cluster Proxmox Raspberry Pi 5 Responsabilit\u00e9 : Le propri\u00e9taire du site s\u2019efforce de fournir des informations exactes et mises \u00e0 jour. Toutefois, il ne peut garantir l\u2019exactitude, l\u2019exhaustivit\u00e9 ou l\u2019actualit\u00e9 des informations diffus\u00e9es. En cons\u00e9quence, l\u2019utilisateur [&hellip;]<\/p>\n","protected":false},"author":1,"featured_media":207,"parent":0,"menu_order":0,"comment_status":"closed","ping_status":"closed","template":"","meta":{"footnotes":""},"class_list":["post-204","page","type-page","status-publish","has-post-thumbnail","hentry"],"yoast_head":"<!-- This site is optimized with the Yoast SEO plugin v27.3 - https:\/\/yoast.com\/product\/yoast-seo-wordpress\/ -->\n<title>Mentions l\u00e9gales - Le web de Sergiodadi<\/title>\n<meta name=\"robots\" content=\"index, follow, max-snippet:-1, max-image-preview:large, max-video-preview:-1\" \/>\n<link rel=\"canonical\" href=\"https:\/\/www.nojo.fr\/index.php\/mentions-legales\/\" \/>\n<meta property=\"og:locale\" content=\"fr_FR\" \/>\n<meta property=\"og:type\" content=\"article\" \/>\n<meta property=\"og:title\" content=\"Mentions l\u00e9gales - Le web de Sergiodadi\" \/>\n<meta property=\"og:description\" content=\"Propri\u00e9taire du site :sergiodadi Nom : Sergiodadi E-mail : voir la page contact H\u00e9bergeur du site : Sergiodadi &#8211; cluster Proxmox Raspberry Pi 5 Responsabilit\u00e9 : Le propri\u00e9taire du site s\u2019efforce de fournir des informations exactes et mises \u00e0 jour. Toutefois, il ne peut garantir l\u2019exactitude, l\u2019exhaustivit\u00e9 ou l\u2019actualit\u00e9 des informations diffus\u00e9es. En cons\u00e9quence, l\u2019utilisateur [&hellip;]\" \/>\n<meta property=\"og:url\" content=\"https:\/\/www.nojo.fr\/index.php\/mentions-legales\/\" \/>\n<meta property=\"og:site_name\" content=\"Le web de Sergiodadi\" \/>\n<meta property=\"article:modified_time\" content=\"2024-12-31T20:32:39+00:00\" \/>\n<meta property=\"og:image\" content=\"https:\/\/www.nojo.fr\/wp-content\/uploads\/2024\/12\/Capture-decran-2024-12-29-a-14.27.56.png\" \/>\n\t<meta property=\"og:image:width\" content=\"1404\" \/>\n\t<meta property=\"og:image:height\" content=\"736\" \/>\n\t<meta property=\"og:image:type\" content=\"image\/png\" \/>\n<meta name=\"twitter:card\" content=\"summary_large_image\" \/>\n<meta name=\"twitter:label1\" content=\"Dur\u00e9e de lecture estim\u00e9e\" \/>\n\t<meta name=\"twitter:data1\" content=\"1 minute\" \/>\n<script type=\"application\/ld+json\" class=\"yoast-schema-graph\">{\"@context\":\"https:\\\/\\\/schema.org\",\"@graph\":[{\"@type\":\"WebPage\",\"@id\":\"https:\\\/\\\/www.nojo.fr\\\/index.php\\\/mentions-legales\\\/\",\"url\":\"https:\\\/\\\/www.nojo.fr\\\/index.php\\\/mentions-legales\\\/\",\"name\":\"Mentions l\u00e9gales - Le web de Sergiodadi\",\"isPartOf\":{\"@id\":\"https:\\\/\\\/www.nojo.fr\\\/#website\"},\"primaryImageOfPage\":{\"@id\":\"https:\\\/\\\/www.nojo.fr\\\/index.php\\\/mentions-legales\\\/#primaryimage\"},\"image\":{\"@id\":\"https:\\\/\\\/www.nojo.fr\\\/index.php\\\/mentions-legales\\\/#primaryimage\"},\"thumbnailUrl\":\"http:\\\/\\\/www.nojo.fr\\\/wp-content\\\/uploads\\\/2024\\\/12\\\/Capture-decran-2024-12-29-a-14.27.56.png\",\"datePublished\":\"2024-12-29T13:26:32+00:00\",\"dateModified\":\"2024-12-31T20:32:39+00:00\",\"breadcrumb\":{\"@id\":\"https:\\\/\\\/www.nojo.fr\\\/index.php\\\/mentions-legales\\\/#breadcrumb\"},\"inLanguage\":\"fr-FR\",\"potentialAction\":[{\"@type\":\"ReadAction\",\"target\":[\"https:\\\/\\\/www.nojo.fr\\\/index.php\\\/mentions-legales\\\/\"]}]},{\"@type\":\"ImageObject\",\"inLanguage\":\"fr-FR\",\"@id\":\"https:\\\/\\\/www.nojo.fr\\\/index.php\\\/mentions-legales\\\/#primaryimage\",\"url\":\"http:\\\/\\\/www.nojo.fr\\\/wp-content\\\/uploads\\\/2024\\\/12\\\/Capture-decran-2024-12-29-a-14.27.56.png\",\"contentUrl\":\"http:\\\/\\\/www.nojo.fr\\\/wp-content\\\/uploads\\\/2024\\\/12\\\/Capture-decran-2024-12-29-a-14.27.56.png\",\"width\":1404,\"height\":736},{\"@type\":\"BreadcrumbList\",\"@id\":\"https:\\\/\\\/www.nojo.fr\\\/index.php\\\/mentions-legales\\\/#breadcrumb\",\"itemListElement\":[{\"@type\":\"ListItem\",\"position\":1,\"name\":\"Accueil\",\"item\":\"https:\\\/\\\/www.nojo.fr\\\/\"},{\"@type\":\"ListItem\",\"position\":2,\"name\":\"Mentions l\u00e9gales\"}]},{\"@type\":\"WebSite\",\"@id\":\"https:\\\/\\\/www.nojo.fr\\\/#website\",\"url\":\"https:\\\/\\\/www.nojo.fr\\\/\",\"name\":\"Le web de Sergiodadi\",\"description\":\"Musique, Balade, Mus\u00e9e, Livres, Photos \u2026\",\"publisher\":{\"@id\":\"https:\\\/\\\/www.nojo.fr\\\/#\\\/schema\\\/person\\\/e4c6ff122cc2d9b131df7a34b5c0754c\"},\"potentialAction\":[{\"@type\":\"SearchAction\",\"target\":{\"@type\":\"EntryPoint\",\"urlTemplate\":\"https:\\\/\\\/www.nojo.fr\\\/?s={search_term_string}\"},\"query-input\":{\"@type\":\"PropertyValueSpecification\",\"valueRequired\":true,\"valueName\":\"search_term_string\"}}],\"inLanguage\":\"fr-FR\"},{\"@type\":[\"Person\",\"Organization\"],\"@id\":\"https:\\\/\\\/www.nojo.fr\\\/#\\\/schema\\\/person\\\/e4c6ff122cc2d9b131df7a34b5c0754c\",\"name\":\"admin-wordpress-serge\",\"image\":{\"@type\":\"ImageObject\",\"inLanguage\":\"fr-FR\",\"@id\":\"https:\\\/\\\/www.nojo.fr\\\/wp-content\\\/uploads\\\/2024\\\/10\\\/IMG_2723-scaled.jpeg\",\"url\":\"https:\\\/\\\/www.nojo.fr\\\/wp-content\\\/uploads\\\/2024\\\/10\\\/IMG_2723-scaled.jpeg\",\"contentUrl\":\"https:\\\/\\\/www.nojo.fr\\\/wp-content\\\/uploads\\\/2024\\\/10\\\/IMG_2723-scaled.jpeg\",\"width\":2560,\"height\":1920,\"caption\":\"admin-wordpress-serge\"},\"logo\":{\"@id\":\"https:\\\/\\\/www.nojo.fr\\\/wp-content\\\/uploads\\\/2024\\\/10\\\/IMG_2723-scaled.jpeg\"},\"sameAs\":[\"http:\\\/\\\/www.nojo.fr\"]}]}<\/script>\n<!-- \/ Yoast SEO plugin. -->","yoast_head_json":{"title":"Mentions l\u00e9gales - Le web de Sergiodadi","robots":{"index":"index","follow":"follow","max-snippet":"max-snippet:-1","max-image-preview":"max-image-preview:large","max-video-preview":"max-video-preview:-1"},"canonical":"https:\/\/www.nojo.fr\/index.php\/mentions-legales\/","og_locale":"fr_FR","og_type":"article","og_title":"Mentions l\u00e9gales - Le web de Sergiodadi","og_description":"Propri\u00e9taire du site :sergiodadi Nom : Sergiodadi E-mail : voir la page contact H\u00e9bergeur du site : Sergiodadi &#8211; cluster Proxmox Raspberry Pi 5 Responsabilit\u00e9 : Le propri\u00e9taire du site s\u2019efforce de fournir des informations exactes et mises \u00e0 jour. Toutefois, il ne peut garantir l\u2019exactitude, l\u2019exhaustivit\u00e9 ou l\u2019actualit\u00e9 des informations diffus\u00e9es. En cons\u00e9quence, l\u2019utilisateur [&hellip;]","og_url":"https:\/\/www.nojo.fr\/index.php\/mentions-legales\/","og_site_name":"Le web de Sergiodadi","article_modified_time":"2024-12-31T20:32:39+00:00","og_image":[{"width":1404,"height":736,"url":"https:\/\/www.nojo.fr\/wp-content\/uploads\/2024\/12\/Capture-decran-2024-12-29-a-14.27.56.png","type":"image\/png"}],"twitter_card":"summary_large_image","twitter_misc":{"Dur\u00e9e de lecture estim\u00e9e":"1 minute"},"schema":{"@context":"https:\/\/schema.org","@graph":[{"@type":"WebPage","@id":"https:\/\/www.nojo.fr\/index.php\/mentions-legales\/","url":"https:\/\/www.nojo.fr\/index.php\/mentions-legales\/","name":"Mentions l\u00e9gales - Le web de Sergiodadi","isPartOf":{"@id":"https:\/\/www.nojo.fr\/#website"},"primaryImageOfPage":{"@id":"https:\/\/www.nojo.fr\/index.php\/mentions-legales\/#primaryimage"},"image":{"@id":"https:\/\/www.nojo.fr\/index.php\/mentions-legales\/#primaryimage"},"thumbnailUrl":"http:\/\/www.nojo.fr\/wp-content\/uploads\/2024\/12\/Capture-decran-2024-12-29-a-14.27.56.png","datePublished":"2024-12-29T13:26:32+00:00","dateModified":"2024-12-31T20:32:39+00:00","breadcrumb":{"@id":"https:\/\/www.nojo.fr\/index.php\/mentions-legales\/#breadcrumb"},"inLanguage":"fr-FR","potentialAction":[{"@type":"ReadAction","target":["https:\/\/www.nojo.fr\/index.php\/mentions-legales\/"]}]},{"@type":"ImageObject","inLanguage":"fr-FR","@id":"https:\/\/www.nojo.fr\/index.php\/mentions-legales\/#primaryimage","url":"http:\/\/www.nojo.fr\/wp-content\/uploads\/2024\/12\/Capture-decran-2024-12-29-a-14.27.56.png","contentUrl":"http:\/\/www.nojo.fr\/wp-content\/uploads\/2024\/12\/Capture-decran-2024-12-29-a-14.27.56.png","width":1404,"height":736},{"@type":"BreadcrumbList","@id":"https:\/\/www.nojo.fr\/index.php\/mentions-legales\/#breadcrumb","itemListElement":[{"@type":"ListItem","position":1,"name":"Accueil","item":"https:\/\/www.nojo.fr\/"},{"@type":"ListItem","position":2,"name":"Mentions l\u00e9gales"}]},{"@type":"WebSite","@id":"https:\/\/www.nojo.fr\/#website","url":"https:\/\/www.nojo.fr\/","name":"Le web de Sergiodadi","description":"Musique, Balade, Mus\u00e9e, Livres, Photos \u2026","publisher":{"@id":"https:\/\/www.nojo.fr\/#\/schema\/person\/e4c6ff122cc2d9b131df7a34b5c0754c"},"potentialAction":[{"@type":"SearchAction","target":{"@type":"EntryPoint","urlTemplate":"https:\/\/www.nojo.fr\/?s={search_term_string}"},"query-input":{"@type":"PropertyValueSpecification","valueRequired":true,"valueName":"search_term_string"}}],"inLanguage":"fr-FR"},{"@type":["Person","Organization"],"@id":"https:\/\/www.nojo.fr\/#\/schema\/person\/e4c6ff122cc2d9b131df7a34b5c0754c","name":"admin-wordpress-serge","image":{"@type":"ImageObject","inLanguage":"fr-FR","@id":"https:\/\/www.nojo.fr\/wp-content\/uploads\/2024\/10\/IMG_2723-scaled.jpeg","url":"https:\/\/www.nojo.fr\/wp-content\/uploads\/2024\/10\/IMG_2723-scaled.jpeg","contentUrl":"https:\/\/www.nojo.fr\/wp-content\/uploads\/2024\/10\/IMG_2723-scaled.jpeg","width":2560,"height":1920,"caption":"admin-wordpress-serge"},"logo":{"@id":"https:\/\/www.nojo.fr\/wp-content\/uploads\/2024\/10\/IMG_2723-scaled.jpeg"},"sameAs":["http:\/\/www.nojo.fr"]}]}},"_links":{"self":[{"href":"http:\/\/www.nojo.fr\/index.php\/wp-json\/wp\/v2\/pages\/204","targetHints":{"allow":["GET"]}}],"collection":[{"href":"http:\/\/www.nojo.fr\/index.php\/wp-json\/wp\/v2\/pages"}],"about":[{"href":"http:\/\/www.nojo.fr\/index.php\/wp-json\/wp\/v2\/types\/page"}],"author":[{"embeddable":true,"href":"http:\/\/www.nojo.fr\/index.php\/wp-json\/wp\/v2\/users\/1"}],"replies":[{"embeddable":true,"href":"http:\/\/www.nojo.fr\/index.php\/wp-json\/wp\/v2\/comments?post=204"}],"version-history":[{"count":9,"href":"http:\/\/www.nojo.fr\/index.php\/wp-json\/wp\/v2\/pages\/204\/revisions"}],"predecessor-version":[{"id":278,"href":"http:\/\/www.nojo.fr\/index.php\/wp-json\/wp\/v2\/pages\/204\/revisions\/278"}],"wp:featuredmedia":[{"embeddable":true,"href":"http:\/\/www.nojo.fr\/index.php\/wp-json\/wp\/v2\/media\/207"}],"wp:attachment":[{"href":"http:\/\/www.nojo.fr\/index.php\/wp-json\/wp\/v2\/media?parent=204"}],"curies":[{"name":"wp","href":"https:\/\/api.w.org\/{rel}","templated":true}]}}